{"id":238,"date":"2021-05-24T00:28:28","date_gmt":"2021-05-23T22:28:28","guid":{"rendered":"http:\/\/letheaujardin.fr\/?page_id=238"},"modified":"2024-04-15T14:59:17","modified_gmt":"2024-04-15T12:59:17","slug":"chambre-chardon-marie","status":"publish","type":"page","link":"http:\/\/letheaujardin.fr\/index.php\/chambre-chardon-marie\/","title":{"rendered":"Chambre Chardon Marie"},"content":{"rendered":"\n<div class=\"wp-block-group alignfull has-background\" style=\"background-color:#ddd7c9\"><div class=\"wp-block-group__inner-container\">\n<div class=\"wp-block-media-text alignwide has-media-on-the-right is-stacked-on-mobile tw-stack-md tw-media-bottom\" style=\"grid-template-columns:auto 37%\"><figure class=\"wp-block-media-text__media\"><img loading=\"lazy\" width=\"400\" height=\"280\" src=\"http:\/\/letheaujardin.fr\/wp-content\/uploads\/2021\/05\/the-au-jardin-illus-chardon-marie.jpg\" alt=\"\" class=\"wp-image-198 size-full\" srcset=\"http:\/\/letheaujardin.fr\/wp-content\/uploads\/2021\/05\/the-au-jardin-illus-chardon-marie.jpg 400w, http:\/\/letheaujardin.fr\/wp-content\/uploads\/2021\/05\/the-au-jardin-illus-chardon-marie-300x210.jpg 300w\" sizes=\"(max-width: 400px) 100vw, 400px\" \/><\/figure><div class=\"wp-block-media-text__content\">\n<h1>Chambre Chardon Marie<\/h1>\n\n\n\n<p>Au rez-de-chauss\u00e9e, la chambre <strong>\u00ab&nbsp;Chardon marie&nbsp;\u00bb<\/strong> donne sur la terrasse. <\/p>\n\n\n\n<p>Vous y trouverez 2 lits de 90 x 200 jumelables ainsi qu\u2019une salle de bain avec toilettes privatives. Cette chambre est accessible aux personnes \u00e0 mobilit\u00e9 r\u00e9duite (acc\u00e8s de plein pied et douche \u00e0 l&#8217;italienne).<\/p>\n\n\n\n<p class=\"has-medium-font-size\"> <\/p>\n<\/div><\/div>\n<\/div><\/div>\n\n\n\n<div id='gallery-1' class='gallery galleryid-238 gallery-columns-3 gallery-size-thumbnail'><figure class='gallery-item'>\n\t\t\t<div class='gallery-icon landscape'>\n\t\t\t\t<a href='http:\/\/letheaujardin.fr\/index.php\/chambre-chardon-marie\/bouillon-blanc-03\/'><img width=\"150\" height=\"150\" src=\"http:\/\/letheaujardin.fr\/wp-content\/uploads\/2021\/05\/bouillon-blanc-03-150x150.jpg\" class=\"attachment-thumbnail size-thumbnail\" alt=\"\" loading=\"lazy\" \/><\/a>\n\t\t\t<\/div><\/figure><figure class='gallery-item'>\n\t\t\t<div class='gallery-icon landscape'>\n\t\t\t\t<a href='http:\/\/letheaujardin.fr\/index.php\/chambre-chardon-marie\/bouillon-blanc-05\/'><img width=\"150\" height=\"150\" src=\"http:\/\/letheaujardin.fr\/wp-content\/uploads\/2021\/05\/bouillon-blanc-05-150x150.jpg\" class=\"attachment-thumbnail size-thumbnail\" alt=\"\" loading=\"lazy\" \/><\/a>\n\t\t\t<\/div><\/figure><figure class='gallery-item'>\n\t\t\t<div class='gallery-icon landscape'>\n\t\t\t\t<a href='http:\/\/letheaujardin.fr\/index.php\/chambre-chardon-marie\/bouillon-blanc-02\/'><img width=\"150\" height=\"150\" src=\"http:\/\/letheaujardin.fr\/wp-content\/uploads\/2021\/05\/bouillon-blanc-02-150x150.jpg\" class=\"attachment-thumbnail size-thumbnail\" alt=\"\" loading=\"lazy\" \/><\/a>\n\t\t\t<\/div><\/figure><figure class='gallery-item'>\n\t\t\t<div class='gallery-icon landscape'>\n\t\t\t\t<a href='http:\/\/letheaujardin.fr\/index.php\/chambre-chardon-marie\/bouillon-blanc-04\/'><img width=\"150\" height=\"150\" src=\"http:\/\/letheaujardin.fr\/wp-content\/uploads\/2021\/05\/bouillon-blanc-04-150x150.jpg\" class=\"attachment-thumbnail size-thumbnail\" alt=\"\" loading=\"lazy\" \/><\/a>\n\t\t\t<\/div><\/figure><figure class='gallery-item'>\n\t\t\t<div class='gallery-icon landscape'>\n\t\t\t\t<a href='http:\/\/letheaujardin.fr\/index.php\/home\/theaujardin_chambre_chardonmarie_03\/'><img width=\"150\" height=\"150\" src=\"http:\/\/letheaujardin.fr\/wp-content\/uploads\/2021\/05\/Theaujardin_chambre_chardonmarie_03-150x150.jpg\" class=\"attachment-thumbnail size-thumbnail\" alt=\"\" loading=\"lazy\" \/><\/a>\n\t\t\t<\/div><\/figure>\n\t\t<\/div>\n\n\n\n\n<div class=\"wp-block-group alignfull\"><div class=\"wp-block-group__inner-container\">\n<div class=\"wp-block-columns alignwide tw-gutter-large\">\n<div class=\"wp-block-column\">\n<h2>Tarifs<\/h2>\n\n\n\n<p class=\"has-accent-color has-text-color has-small-font-size\"><strong>Tarifs 2024 \/ par nuit\u00e9e<\/strong><br>Petit d\u00e9jeuner complet compris<\/p>\n\n\n\n<p>Pour 2 personnes : <strong>79\u20ac<\/strong><br>Pour 1 personne : <strong>68\u20ac<\/strong><\/p>\n\n\n\n<div class=\"wp-block-buttons\">\n<div class=\"wp-block-button is-style-outline\"><a class=\"wp-block-button__link\" href=\"http:\/\/letheaujardin.fr\/index.php\/reserver\/\">R\u00e9server<\/a><\/div>\n<\/div>\n<\/div>\n\n\n\n<div class=\"wp-block-column\"><\/div>\n\n\n\n<div class=\"wp-block-column\"><\/div>\n<\/div>\n<\/div><\/div>\n","protected":false},"excerpt":{"rendered":"","protected":false},"author":2,"featured_media":0,"parent":0,"menu_order":0,"comment_status":"closed","ping_status":"closed","template":"tw-header-transparent.php","meta":[],"_links":{"self":[{"href":"http:\/\/letheaujardin.fr\/index.php\/wp-json\/wp\/v2\/pages\/238"}],"collection":[{"href":"http:\/\/letheaujardin.fr\/index.php\/wp-json\/wp\/v2\/pages"}],"about":[{"href":"http:\/\/letheaujardin.fr\/index.php\/wp-json\/wp\/v2\/types\/page"}],"author":[{"embeddable":true,"href":"http:\/\/letheaujardin.fr\/index.php\/wp-json\/wp\/v2\/users\/2"}],"replies":[{"embeddable":true,"href":"http:\/\/letheaujardin.fr\/index.php\/wp-json\/wp\/v2\/comments?post=238"}],"version-history":[{"count":8,"href":"http:\/\/letheaujardin.fr\/index.php\/wp-json\/wp\/v2\/pages\/238\/revisions"}],"predecessor-version":[{"id":385,"href":"http:\/\/letheaujardin.fr\/index.php\/wp-json\/wp\/v2\/pages\/238\/revisions\/385"}],"wp:attachment":[{"href":"http:\/\/letheaujardin.fr\/index.php\/wp-json\/wp\/v2\/media?parent=238"}],"curies":[{"name":"wp","href":"https:\/\/api.w.org\/{rel}","templated":true}]}}