{"id":246,"date":"2021-05-24T00:50:09","date_gmt":"2021-05-23T22:50:09","guid":{"rendered":"http:\/\/letheaujardin.fr\/?page_id=246"},"modified":"2021-05-30T20:07:57","modified_gmt":"2021-05-30T18:07:57","slug":"notre-jardin","status":"publish","type":"page","link":"http:\/\/letheaujardin.fr\/index.php\/notre-jardin\/","title":{"rendered":"Notre jardin"},"content":{"rendered":"\n<div class=\"wp-block-group alignfull has-background\" style=\"background-color:#ddd7c9\"><div class=\"wp-block-group__inner-container\">\n<div class=\"wp-block-media-text alignwide has-media-on-the-right is-stacked-on-mobile tw-stack-md tw-media-bottom\" style=\"grid-template-columns:auto 37%\"><figure class=\"wp-block-media-text__media\"><img loading=\"lazy\" width=\"776\" height=\"815\" src=\"http:\/\/letheaujardin.fr\/wp-content\/uploads\/2021\/05\/the-au-jardin-illus-home9.jpg\" alt=\"\" class=\"wp-image-292 size-full\" srcset=\"http:\/\/letheaujardin.fr\/wp-content\/uploads\/2021\/05\/the-au-jardin-illus-home9.jpg 776w, http:\/\/letheaujardin.fr\/wp-content\/uploads\/2021\/05\/the-au-jardin-illus-home9-286x300.jpg 286w, http:\/\/letheaujardin.fr\/wp-content\/uploads\/2021\/05\/the-au-jardin-illus-home9-768x807.jpg 768w\" sizes=\"(max-width: 776px) 100vw, 776px\" \/><\/figure><div class=\"wp-block-media-text__content\">\n<h1>Notre jardin<\/h1>\n\n\n\n<p>Venez profiter du calme et de la fra\u00eecheur de notre jardin ! Installez-vous sous les arbres du verger pour d\u00e9guster une tasse de th\u00e9, venez d\u00e9couvrir notre jardin potager enti\u00e8rement r\u00e9alis\u00e9 en agrobiologie ou rencontrer nos poules.<\/p>\n\n\n\n<p>Dans leur jardin, Madeleine &amp; Jean ne se lassent jamais de planter, bouturer, associer les vari\u00e9t\u00e9s, exp\u00e9rimenter dans un esprit proche de la permaculture.<\/p>\n\n\n\n<p>A la belle saison, les l\u00e9gumes produits dans le jardin viennent agr\u00e9menter la table d&#8217;h\u00f4te de Madeleine ! Fra\u00eecheur et saveur assur\u00e9es\u2026 <\/p>\n<\/div><\/div>\n<\/div><\/div>\n\n\n\n<div id='gallery-1' class='gallery galleryid-246 gallery-columns-3 gallery-size-thumbnail'><figure class='gallery-item'>\n\t\t\t<div class='gallery-icon portrait'>\n\t\t\t\t<a href='http:\/\/letheaujardin.fr\/index.php\/notre-jardin\/the-au-jardin-jardin01\/'><img width=\"150\" height=\"150\" src=\"http:\/\/letheaujardin.fr\/wp-content\/uploads\/2021\/05\/the-au-jardin-jardin01-150x150.jpg\" class=\"attachment-thumbnail size-thumbnail\" alt=\"\" loading=\"lazy\" \/><\/a>\n\t\t\t<\/div><\/figure><figure class='gallery-item'>\n\t\t\t<div class='gallery-icon landscape'>\n\t\t\t\t<a href='http:\/\/letheaujardin.fr\/index.php\/home\/theaujardin_exterieur_04\/'><img width=\"150\" height=\"150\" src=\"http:\/\/letheaujardin.fr\/wp-content\/uploads\/2021\/05\/Theaujardin_exterieur_04-150x150.jpg\" class=\"attachment-thumbnail size-thumbnail\" alt=\"\" loading=\"lazy\" \/><\/a>\n\t\t\t<\/div><\/figure><figure class='gallery-item'>\n\t\t\t<div class='gallery-icon landscape'>\n\t\t\t\t<a href='http:\/\/letheaujardin.fr\/index.php\/home\/theaujardin_exterieur_08\/'><img width=\"150\" height=\"150\" src=\"http:\/\/letheaujardin.fr\/wp-content\/uploads\/2021\/05\/Theaujardin_exterieur_08-150x150.jpg\" class=\"attachment-thumbnail size-thumbnail\" alt=\"\" loading=\"lazy\" \/><\/a>\n\t\t\t<\/div><\/figure><figure class='gallery-item'>\n\t\t\t<div class='gallery-icon landscape'>\n\t\t\t\t<a href='http:\/\/letheaujardin.fr\/index.php\/home\/ambiance-the-jardin-01\/'><img width=\"150\" height=\"150\" src=\"http:\/\/letheaujardin.fr\/wp-content\/uploads\/2021\/05\/ambiance-the-jardin-01-150x150.jpg\" class=\"attachment-thumbnail size-thumbnail\" alt=\"\" loading=\"lazy\" \/><\/a>\n\t\t\t<\/div><\/figure><figure class='gallery-item'>\n\t\t\t<div class='gallery-icon landscape'>\n\t\t\t\t<a href='http:\/\/letheaujardin.fr\/index.php\/home\/theaujardin_exterieur_06\/'><img width=\"150\" height=\"150\" src=\"http:\/\/letheaujardin.fr\/wp-content\/uploads\/2021\/05\/Theaujardin_exterieur_06-150x150.jpg\" class=\"attachment-thumbnail size-thumbnail\" alt=\"\" loading=\"lazy\" \/><\/a>\n\t\t\t<\/div><\/figure><figure class='gallery-item'>\n\t\t\t<div class='gallery-icon landscape'>\n\t\t\t\t<a href='http:\/\/letheaujardin.fr\/index.php\/home\/theaujardin_exterieur_01\/'><img width=\"150\" height=\"150\" src=\"http:\/\/letheaujardin.fr\/wp-content\/uploads\/2021\/05\/Theaujardin_exterieur_01-150x150.jpg\" class=\"attachment-thumbnail size-thumbnail\" alt=\"\" loading=\"lazy\" \/><\/a>\n\t\t\t<\/div><\/figure><figure class='gallery-item'>\n\t\t\t<div class='gallery-icon portrait'>\n\t\t\t\t<a href='http:\/\/letheaujardin.fr\/index.php\/notre-jardin\/the-au-jardin-jardin06\/'><img width=\"150\" height=\"150\" src=\"http:\/\/letheaujardin.fr\/wp-content\/uploads\/2021\/05\/the-au-jardin-jardin06-150x150.jpg\" class=\"attachment-thumbnail size-thumbnail\" alt=\"\" loading=\"lazy\" \/><\/a>\n\t\t\t<\/div><\/figure><figure class='gallery-item'>\n\t\t\t<div class='gallery-icon landscape'>\n\t\t\t\t<a href='http:\/\/letheaujardin.fr\/dsc01514-2\/'><img width=\"150\" height=\"150\" src=\"http:\/\/letheaujardin.fr\/wp-content\/uploads\/2021\/05\/DSC01514-edited-150x150.jpg\" class=\"attachment-thumbnail size-thumbnail\" alt=\"\" loading=\"lazy\" srcset=\"http:\/\/letheaujardin.fr\/wp-content\/uploads\/2021\/05\/DSC01514-edited-150x150.jpg 150w, http:\/\/letheaujardin.fr\/wp-content\/uploads\/2021\/05\/DSC01514-edited-300x300.jpg 300w, http:\/\/letheaujardin.fr\/wp-content\/uploads\/2021\/05\/DSC01514-edited-1024x1022.jpg 1024w, http:\/\/letheaujardin.fr\/wp-content\/uploads\/2021\/05\/DSC01514-edited-768x767.jpg 768w, http:\/\/letheaujardin.fr\/wp-content\/uploads\/2021\/05\/DSC01514-edited-1536x1533.jpg 1536w, http:\/\/letheaujardin.fr\/wp-content\/uploads\/2021\/05\/DSC01514-edited-2048x2044.jpg 2048w, http:\/\/letheaujardin.fr\/wp-content\/uploads\/2021\/05\/DSC01514-edited-1568x1565.jpg 1568w\" sizes=\"(max-width: 150px) 100vw, 150px\" \/><\/a>\n\t\t\t<\/div><\/figure><figure class='gallery-item'>\n\t\t\t<div class='gallery-icon landscape'>\n\t\t\t\t<a href='http:\/\/letheaujardin.fr\/index.php\/home\/theaujardin_exterieur_05\/'><img width=\"150\" height=\"150\" src=\"http:\/\/letheaujardin.fr\/wp-content\/uploads\/2021\/05\/Theaujardin_exterieur_05-150x150.jpg\" class=\"attachment-thumbnail size-thumbnail\" alt=\"\" loading=\"lazy\" \/><\/a>\n\t\t\t<\/div><\/figure><figure class='gallery-item'>\n\t\t\t<div class='gallery-icon landscape'>\n\t\t\t\t<a href='http:\/\/letheaujardin.fr\/index.php\/notre-jardin\/the-au-jardin-jardin02\/'><img width=\"150\" height=\"150\" src=\"http:\/\/letheaujardin.fr\/wp-content\/uploads\/2021\/05\/the-au-jardin-jardin02-150x150.jpg\" class=\"attachment-thumbnail size-thumbnail\" alt=\"\" loading=\"lazy\" \/><\/a>\n\t\t\t<\/div><\/figure><figure class='gallery-item'>\n\t\t\t<div class='gallery-icon landscape'>\n\t\t\t\t<a href='http:\/\/letheaujardin.fr\/index.php\/notre-jardin\/the-au-jardin-jardin03\/'><img width=\"150\" height=\"150\" src=\"http:\/\/letheaujardin.fr\/wp-content\/uploads\/2021\/05\/the-au-jardin-jardin03-150x150.jpg\" class=\"attachment-thumbnail size-thumbnail\" alt=\"\" loading=\"lazy\" \/><\/a>\n\t\t\t<\/div><\/figure><figure class='gallery-item'>\n\t\t\t<div class='gallery-icon landscape'>\n\t\t\t\t<a href='http:\/\/letheaujardin.fr\/index.php\/notre-jardin\/the-au-jardin-jardin05\/'><img width=\"150\" height=\"150\" src=\"http:\/\/letheaujardin.fr\/wp-content\/uploads\/2021\/05\/the-au-jardin-jardin05-150x150.jpg\" class=\"attachment-thumbnail size-thumbnail\" alt=\"\" loading=\"lazy\" \/><\/a>\n\t\t\t<\/div><\/figure><figure class='gallery-item'>\n\t\t\t<div class='gallery-icon landscape'>\n\t\t\t\t<a href='http:\/\/letheaujardin.fr\/index.php\/notre-jardin\/the-au-jardin-jardin04\/'><img width=\"150\" height=\"150\" src=\"http:\/\/letheaujardin.fr\/wp-content\/uploads\/2021\/05\/the-au-jardin-jardin04-150x150.jpg\" class=\"attachment-thumbnail size-thumbnail\" alt=\"\" loading=\"lazy\" \/><\/a>\n\t\t\t<\/div><\/figure><figure class='gallery-item'>\n\t\t\t<div class='gallery-icon landscape'>\n\t\t\t\t<a href='http:\/\/letheaujardin.fr\/index.php\/home\/theaujardin_exterieur_07\/'><img width=\"150\" height=\"150\" src=\"http:\/\/letheaujardin.fr\/wp-content\/uploads\/2021\/05\/Theaujardin_exterieur_07-150x150.jpg\" class=\"attachment-thumbnail size-thumbnail\" alt=\"\" loading=\"lazy\" \/><\/a>\n\t\t\t<\/div><\/figure><figure class='gallery-item'>\n\t\t\t<div class='gallery-icon landscape'>\n\t\t\t\t<a href='http:\/\/letheaujardin.fr\/index.php\/home\/theaujardin_exterieur_02\/'><img width=\"150\" height=\"150\" src=\"http:\/\/letheaujardin.fr\/wp-content\/uploads\/2021\/05\/Theaujardin_exterieur_02-150x150.jpg\" class=\"attachment-thumbnail size-thumbnail\" alt=\"\" loading=\"lazy\" \/><\/a>\n\t\t\t<\/div><\/figure><figure class='gallery-item'>\n\t\t\t<div class='gallery-icon portrait'>\n\t\t\t\t<a href='http:\/\/letheaujardin.fr\/index.php\/notre-jardin\/ambiance-the-jardin-04\/'><img width=\"150\" height=\"150\" src=\"http:\/\/letheaujardin.fr\/wp-content\/uploads\/2021\/05\/ambiance-the-jardin-04-150x150.jpg\" class=\"attachment-thumbnail size-thumbnail\" alt=\"\" loading=\"lazy\" \/><\/a>\n\t\t\t<\/div><\/figure><figure class='gallery-item'>\n\t\t\t<div class='gallery-icon portrait'>\n\t\t\t\t<a href='http:\/\/letheaujardin.fr\/index.php\/notre-jardin\/ambiance-the-jardin-02\/'><img width=\"150\" height=\"150\" src=\"http:\/\/letheaujardin.fr\/wp-content\/uploads\/2021\/05\/ambiance-the-jardin-02-150x150.jpg\" class=\"attachment-thumbnail size-thumbnail\" alt=\"\" loading=\"lazy\" \/><\/a>\n\t\t\t<\/div><\/figure><figure class='gallery-item'>\n\t\t\t<div class='gallery-icon portrait'>\n\t\t\t\t<a href='http:\/\/letheaujardin.fr\/index.php\/notre-jardin\/ambiance-the-jardin-03\/'><img width=\"150\" height=\"150\" src=\"http:\/\/letheaujardin.fr\/wp-content\/uploads\/2021\/05\/ambiance-the-jardin-03-150x150.jpg\" class=\"attachment-thumbnail size-thumbnail\" alt=\"\" loading=\"lazy\" \/><\/a>\n\t\t\t<\/div><\/figure>\n\t\t<\/div>\n\n\n\n\n<div class=\"wp-block-group alignfull\"><div class=\"wp-block-group__inner-container\">\n<div class=\"wp-block-columns alignwide tw-gutter-large\">\n<div class=\"wp-block-column\"><\/div>\n\n\n\n<div class=\"wp-block-column\"><\/div>\n\n\n\n<div class=\"wp-block-column\"><\/div>\n<\/div>\n<\/div><\/div>\n","protected":false},"excerpt":{"rendered":"","protected":false},"author":2,"featured_media":0,"parent":0,"menu_order":0,"comment_status":"closed","ping_status":"closed","template":"tw-header-transparent.php","meta":[],"_links":{"self":[{"href":"http:\/\/letheaujardin.fr\/index.php\/wp-json\/wp\/v2\/pages\/246"}],"collection":[{"href":"http:\/\/letheaujardin.fr\/index.php\/wp-json\/wp\/v2\/pages"}],"about":[{"href":"http:\/\/letheaujardin.fr\/index.php\/wp-json\/wp\/v2\/types\/page"}],"author":[{"embeddable":true,"href":"http:\/\/letheaujardin.fr\/index.php\/wp-json\/wp\/v2\/users\/2"}],"replies":[{"embeddable":true,"href":"http:\/\/letheaujardin.fr\/index.php\/wp-json\/wp\/v2\/comments?post=246"}],"version-history":[{"count":7,"href":"http:\/\/letheaujardin.fr\/index.php\/wp-json\/wp\/v2\/pages\/246\/revisions"}],"predecessor-version":[{"id":360,"href":"http:\/\/letheaujardin.fr\/index.php\/wp-json\/wp\/v2\/pages\/246\/revisions\/360"}],"wp:attachment":[{"href":"http:\/\/letheaujardin.fr\/index.php\/wp-json\/wp\/v2\/media?parent=246"}],"curies":[{"name":"wp","href":"https:\/\/api.w.org\/{rel}","templated":true}]}}