{"id":267,"date":"2021-05-24T01:10:02","date_gmt":"2021-05-23T23:10:02","guid":{"rendered":"http:\/\/letheaujardin.fr\/?page_id=267"},"modified":"2021-05-30T20:11:21","modified_gmt":"2021-05-30T18:11:21","slug":"notre-maison-dhotes","status":"publish","type":"page","link":"http:\/\/letheaujardin.fr\/index.php\/notre-maison-dhotes\/","title":{"rendered":"Notre maison d&#8217;h\u00f4tes"},"content":{"rendered":"\n<div class=\"wp-block-group alignfull has-background\" style=\"background-color:#ddd7c9\"><div class=\"wp-block-group__inner-container\">\n<div class=\"wp-block-media-text alignwide has-media-on-the-right is-stacked-on-mobile tw-stack-md tw-media-bottom\" style=\"grid-template-columns:auto 41%\"><figure class=\"wp-block-media-text__media\"><img loading=\"lazy\" width=\"871\" height=\"815\" src=\"http:\/\/letheaujardin.fr\/wp-content\/uploads\/2021\/05\/the-au-jardin-illus-home6-1.jpg\" alt=\"\" class=\"wp-image-268 size-full\" srcset=\"http:\/\/letheaujardin.fr\/wp-content\/uploads\/2021\/05\/the-au-jardin-illus-home6-1.jpg 871w, http:\/\/letheaujardin.fr\/wp-content\/uploads\/2021\/05\/the-au-jardin-illus-home6-1-300x281.jpg 300w, http:\/\/letheaujardin.fr\/wp-content\/uploads\/2021\/05\/the-au-jardin-illus-home6-1-768x719.jpg 768w\" sizes=\"(max-width: 871px) 100vw, 871px\" \/><\/figure><div class=\"wp-block-media-text__content\">\n<h1>Notre maison d&#8217;h\u00f4tes<\/h1>\n\n\n\n<p>Dans cette vieille ferme dat\u00e9e de 1736, au c\u0153ur du pays Charolais-Brionnais, Madeleine &amp; Jean ont redonn\u00e9 vie aux vieux murs pour cr\u00e9er des chambres d\u2019h\u00f4tes d\u00e9cor\u00e9es avec soin. <\/p>\n\n\n\n<p>Vous \u00eates de passage dans la r\u00e9gion ? Vous \u00eates \u00e0 la recherche d\u2019un peu de calme et de verdure, venez-donc partager un Th\u00e9 au jardin\u2026 Que vous veniez seul, en famille ou entre amis, notre maison d\u2019h\u00f4tes&nbsp;le Th\u00e9 au jardin&nbsp;peut accueillir jusqu\u2019\u00e0 10 personnes\u2026 Et si vous le d\u00e9sirez, Madeleine ouvrira sp\u00e9cialement pour vous sa table d\u2019h\u00f4tes. <\/p>\n<\/div><\/div>\n<\/div><\/div>\n\n\n\n<div id='gallery-1' class='gallery galleryid-267 gallery-columns-3 gallery-size-thumbnail'><figure class='gallery-item'>\n\t\t\t<div class='gallery-icon portrait'>\n\t\t\t\t<a href='http:\/\/letheaujardin.fr\/index.php\/notre-jardin\/the-au-jardin-jardin01\/'><img width=\"150\" height=\"150\" src=\"http:\/\/letheaujardin.fr\/wp-content\/uploads\/2021\/05\/the-au-jardin-jardin01-150x150.jpg\" class=\"attachment-thumbnail size-thumbnail\" alt=\"\" loading=\"lazy\" \/><\/a>\n\t\t\t<\/div><\/figure><figure class='gallery-item'>\n\t\t\t<div class='gallery-icon landscape'>\n\t\t\t\t<a href='http:\/\/letheaujardin.fr\/index.php\/home\/theaujardin_exterieur_03\/'><img width=\"150\" height=\"150\" src=\"http:\/\/letheaujardin.fr\/wp-content\/uploads\/2021\/05\/Theaujardin_exterieur_03-150x150.jpg\" class=\"attachment-thumbnail size-thumbnail\" alt=\"\" loading=\"lazy\" \/><\/a>\n\t\t\t<\/div><\/figure><figure class='gallery-item'>\n\t\t\t<div class='gallery-icon landscape'>\n\t\t\t\t<a href='http:\/\/letheaujardin.fr\/index.php\/home\/theaujardin_communs_10\/'><img width=\"150\" height=\"150\" src=\"http:\/\/letheaujardin.fr\/wp-content\/uploads\/2021\/05\/Theaujardin_communs_10-150x150.jpg\" class=\"attachment-thumbnail size-thumbnail\" alt=\"\" loading=\"lazy\" \/><\/a>\n\t\t\t<\/div><\/figure><figure class='gallery-item'>\n\t\t\t<div class='gallery-icon landscape'>\n\t\t\t\t<a href='http:\/\/letheaujardin.fr\/index.php\/home\/theaujardin_communs_08\/'><img width=\"150\" height=\"150\" src=\"http:\/\/letheaujardin.fr\/wp-content\/uploads\/2021\/05\/Theaujardin_communs_08-150x150.jpg\" class=\"attachment-thumbnail size-thumbnail\" alt=\"\" loading=\"lazy\" \/><\/a>\n\t\t\t<\/div><\/figure><figure class='gallery-item'>\n\t\t\t<div class='gallery-icon landscape'>\n\t\t\t\t<a href='http:\/\/letheaujardin.fr\/index.php\/home\/theaujardin_exterieur_08\/'><img width=\"150\" height=\"150\" src=\"http:\/\/letheaujardin.fr\/wp-content\/uploads\/2021\/05\/Theaujardin_exterieur_08-150x150.jpg\" class=\"attachment-thumbnail size-thumbnail\" alt=\"\" loading=\"lazy\" \/><\/a>\n\t\t\t<\/div><\/figure><figure class='gallery-item'>\n\t\t\t<div class='gallery-icon landscape'>\n\t\t\t\t<a href='http:\/\/letheaujardin.fr\/index.php\/home\/theaujardin_communs_01-1\/'><img width=\"150\" height=\"150\" src=\"http:\/\/letheaujardin.fr\/wp-content\/uploads\/2021\/05\/Theaujardin_communs_01-1-150x150.jpg\" class=\"attachment-thumbnail size-thumbnail\" alt=\"\" loading=\"lazy\" \/><\/a>\n\t\t\t<\/div><\/figure><figure class='gallery-item'>\n\t\t\t<div class='gallery-icon landscape'>\n\t\t\t\t<a href='http:\/\/letheaujardin.fr\/index.php\/notre-jardin\/the-au-jardin-jardin04\/'><img width=\"150\" height=\"150\" src=\"http:\/\/letheaujardin.fr\/wp-content\/uploads\/2021\/05\/the-au-jardin-jardin04-150x150.jpg\" class=\"attachment-thumbnail size-thumbnail\" alt=\"\" loading=\"lazy\" \/><\/a>\n\t\t\t<\/div><\/figure><figure class='gallery-item'>\n\t\t\t<div class='gallery-icon landscape'>\n\t\t\t\t<a href='http:\/\/letheaujardin.fr\/index.php\/notre-maison-dhotes\/communs-the-jardin-03\/'><img width=\"150\" height=\"150\" src=\"http:\/\/letheaujardin.fr\/wp-content\/uploads\/2021\/05\/communs-the-jardin-03-150x150.jpg\" class=\"attachment-thumbnail size-thumbnail\" alt=\"\" loading=\"lazy\" \/><\/a>\n\t\t\t<\/div><\/figure><figure class='gallery-item'>\n\t\t\t<div class='gallery-icon landscape'>\n\t\t\t\t<a href='http:\/\/letheaujardin.fr\/index.php\/home\/theaujardin_communs_06\/'><img width=\"150\" height=\"150\" src=\"http:\/\/letheaujardin.fr\/wp-content\/uploads\/2021\/05\/Theaujardin_communs_06-150x150.jpg\" class=\"attachment-thumbnail size-thumbnail\" alt=\"\" loading=\"lazy\" \/><\/a>\n\t\t\t<\/div><\/figure><figure class='gallery-item'>\n\t\t\t<div class='gallery-icon portrait'>\n\t\t\t\t<a href='http:\/\/letheaujardin.fr\/index.php\/notre-maison-dhotes\/communs-the-jardin-02\/'><img width=\"150\" height=\"150\" src=\"http:\/\/letheaujardin.fr\/wp-content\/uploads\/2021\/05\/communs-the-jardin-02-150x150.jpg\" class=\"attachment-thumbnail size-thumbnail\" alt=\"\" loading=\"lazy\" \/><\/a>\n\t\t\t<\/div><\/figure><figure class='gallery-item'>\n\t\t\t<div class='gallery-icon landscape'>\n\t\t\t\t<a href='http:\/\/letheaujardin.fr\/index.php\/home\/theaujardin_communs_05\/'><img width=\"150\" height=\"150\" src=\"http:\/\/letheaujardin.fr\/wp-content\/uploads\/2021\/05\/Theaujardin_communs_05-150x150.jpg\" class=\"attachment-thumbnail size-thumbnail\" alt=\"\" loading=\"lazy\" \/><\/a>\n\t\t\t<\/div><\/figure><figure class='gallery-item'>\n\t\t\t<div class='gallery-icon landscape'>\n\t\t\t\t<a href='http:\/\/letheaujardin.fr\/index.php\/home\/theaujardin_exterieur_01\/'><img width=\"150\" height=\"150\" src=\"http:\/\/letheaujardin.fr\/wp-content\/uploads\/2021\/05\/Theaujardin_exterieur_01-150x150.jpg\" class=\"attachment-thumbnail size-thumbnail\" alt=\"\" loading=\"lazy\" \/><\/a>\n\t\t\t<\/div><\/figure><figure class='gallery-item'>\n\t\t\t<div class='gallery-icon landscape'>\n\t\t\t\t<a href='http:\/\/letheaujardin.fr\/index.php\/notre-maison-dhotes\/communs-the-jardin-01\/'><img width=\"150\" height=\"150\" src=\"http:\/\/letheaujardin.fr\/wp-content\/uploads\/2021\/05\/communs-the-jardin-01-150x150.jpg\" class=\"attachment-thumbnail size-thumbnail\" alt=\"\" loading=\"lazy\" \/><\/a>\n\t\t\t<\/div><\/figure><figure class='gallery-item'>\n\t\t\t<div class='gallery-icon landscape'>\n\t\t\t\t<a href='http:\/\/letheaujardin.fr\/index.php\/home\/theaujardin_communs_09\/'><img width=\"150\" height=\"150\" src=\"http:\/\/letheaujardin.fr\/wp-content\/uploads\/2021\/05\/Theaujardin_communs_09-150x150.jpg\" class=\"attachment-thumbnail size-thumbnail\" alt=\"\" loading=\"lazy\" \/><\/a>\n\t\t\t<\/div><\/figure><figure class='gallery-item'>\n\t\t\t<div class='gallery-icon portrait'>\n\t\t\t\t<a href='http:\/\/letheaujardin.fr\/index.php\/home\/theaujardin_communs_07\/'><img width=\"150\" height=\"150\" src=\"http:\/\/letheaujardin.fr\/wp-content\/uploads\/2021\/05\/Theaujardin_communs_07-150x150.jpg\" class=\"attachment-thumbnail size-thumbnail\" alt=\"\" loading=\"lazy\" \/><\/a>\n\t\t\t<\/div><\/figure><figure class='gallery-item'>\n\t\t\t<div class='gallery-icon landscape'>\n\t\t\t\t<a href='http:\/\/letheaujardin.fr\/index.php\/home\/theaujardin_communs_04\/'><img width=\"150\" height=\"150\" src=\"http:\/\/letheaujardin.fr\/wp-content\/uploads\/2021\/05\/Theaujardin_communs_04-150x150.jpg\" class=\"attachment-thumbnail size-thumbnail\" alt=\"\" loading=\"lazy\" \/><\/a>\n\t\t\t<\/div><\/figure><figure class='gallery-item'>\n\t\t\t<div class='gallery-icon landscape'>\n\t\t\t\t<a href='http:\/\/letheaujardin.fr\/index.php\/home\/theaujardin_communs_03\/'><img width=\"150\" height=\"150\" src=\"http:\/\/letheaujardin.fr\/wp-content\/uploads\/2021\/05\/Theaujardin_communs_03-150x150.jpg\" class=\"attachment-thumbnail size-thumbnail\" alt=\"\" loading=\"lazy\" \/><\/a>\n\t\t\t<\/div><\/figure><figure class='gallery-item'>\n\t\t\t<div class='gallery-icon landscape'>\n\t\t\t\t<a href='http:\/\/letheaujardin.fr\/index.php\/home\/theaujardin_communs_02\/'><img width=\"150\" height=\"150\" src=\"http:\/\/letheaujardin.fr\/wp-content\/uploads\/2021\/05\/Theaujardin_communs_02-150x150.jpg\" class=\"attachment-thumbnail size-thumbnail\" alt=\"\" loading=\"lazy\" \/><\/a>\n\t\t\t<\/div><\/figure><figure class='gallery-item'>\n\t\t\t<div class='gallery-icon portrait'>\n\t\t\t\t<a href='http:\/\/letheaujardin.fr\/index.php\/notre-maison-dhotes\/communs-the-jardin-04\/'><img width=\"150\" height=\"150\" src=\"http:\/\/letheaujardin.fr\/wp-content\/uploads\/2021\/05\/communs-the-jardin-04-150x150.jpg\" class=\"attachment-thumbnail size-thumbnail\" alt=\"\" loading=\"lazy\" \/><\/a>\n\t\t\t<\/div><\/figure><figure class='gallery-item'>\n\t\t\t<div class='gallery-icon landscape'>\n\t\t\t\t<a href='http:\/\/letheaujardin.fr\/index.php\/home\/theaujardin_madeleine-jean_01\/'><img width=\"150\" height=\"150\" src=\"http:\/\/letheaujardin.fr\/wp-content\/uploads\/2021\/05\/Theaujardin_madeleine-jean_01-150x150.jpg\" class=\"attachment-thumbnail size-thumbnail\" alt=\"\" loading=\"lazy\" \/><\/a>\n\t\t\t<\/div><\/figure><figure class='gallery-item'>\n\t\t\t<div class='gallery-icon portrait'>\n\t\t\t\t<a href='http:\/\/letheaujardin.fr\/index.php\/notre-maison-dhotes\/the-au-jardin-maison1\/'><img width=\"150\" height=\"150\" src=\"http:\/\/letheaujardin.fr\/wp-content\/uploads\/2021\/05\/the-au-jardin-maison1-150x150.jpg\" class=\"attachment-thumbnail size-thumbnail\" alt=\"\" loading=\"lazy\" \/><\/a>\n\t\t\t<\/div><\/figure><figure class='gallery-item'>\n\t\t\t<div class='gallery-icon landscape'>\n\t\t\t\t<a href='http:\/\/letheaujardin.fr\/index.php\/home\/theaujardin_exterieur_02\/'><img width=\"150\" height=\"150\" src=\"http:\/\/letheaujardin.fr\/wp-content\/uploads\/2021\/05\/Theaujardin_exterieur_02-150x150.jpg\" class=\"attachment-thumbnail size-thumbnail\" alt=\"\" loading=\"lazy\" \/><\/a>\n\t\t\t<\/div><\/figure><figure class='gallery-item'>\n\t\t\t<div class='gallery-icon landscape'>\n\t\t\t\t<a href='http:\/\/letheaujardin.fr\/index.php\/notre-maison-dhotes\/communs-the-jardin-05\/'><img width=\"150\" height=\"150\" src=\"http:\/\/letheaujardin.fr\/wp-content\/uploads\/2021\/05\/communs-the-jardin-05-150x150.jpg\" class=\"attachment-thumbnail size-thumbnail\" alt=\"\" loading=\"lazy\" \/><\/a>\n\t\t\t<\/div><\/figure>\n\t\t<\/div>\n\n","protected":false},"excerpt":{"rendered":"","protected":false},"author":2,"featured_media":0,"parent":0,"menu_order":0,"comment_status":"closed","ping_status":"closed","template":"tw-header-transparent.php","meta":[],"_links":{"self":[{"href":"http:\/\/letheaujardin.fr\/index.php\/wp-json\/wp\/v2\/pages\/267"}],"collection":[{"href":"http:\/\/letheaujardin.fr\/index.php\/wp-json\/wp\/v2\/pages"}],"about":[{"href":"http:\/\/letheaujardin.fr\/index.php\/wp-json\/wp\/v2\/types\/page"}],"author":[{"embeddable":true,"href":"http:\/\/letheaujardin.fr\/index.php\/wp-json\/wp\/v2\/users\/2"}],"replies":[{"embeddable":true,"href":"http:\/\/letheaujardin.fr\/index.php\/wp-json\/wp\/v2\/comments?post=267"}],"version-history":[{"count":11,"href":"http:\/\/letheaujardin.fr\/index.php\/wp-json\/wp\/v2\/pages\/267\/revisions"}],"predecessor-version":[{"id":367,"href":"http:\/\/letheaujardin.fr\/index.php\/wp-json\/wp\/v2\/pages\/267\/revisions\/367"}],"wp:attachment":[{"href":"http:\/\/letheaujardin.fr\/index.php\/wp-json\/wp\/v2\/media?parent=267"}],"curies":[{"name":"wp","href":"https:\/\/api.w.org\/{rel}","templated":true}]}}