{"id":307,"date":"2021-05-25T15:06:15","date_gmt":"2021-05-25T13:06:15","guid":{"rendered":"http:\/\/letheaujardin.fr\/?page_id=307"},"modified":"2023-12-27T22:04:34","modified_gmt":"2023-12-27T21:04:34","slug":"table-dhotes","status":"publish","type":"page","link":"http:\/\/letheaujardin.fr\/index.php\/table-dhotes\/","title":{"rendered":"Table d&#8217;h\u00f4tes"},"content":{"rendered":"\n<div class=\"wp-block-group alignfull has-background\" style=\"background-color:#ddd7c9\"><div class=\"wp-block-group__inner-container\">\n<div class=\"wp-block-media-text alignwide has-media-on-the-right is-stacked-on-mobile tw-stack-md tw-media-bottom\" style=\"grid-template-columns:auto 40%\"><figure class=\"wp-block-media-text__media\"><img loading=\"lazy\" width=\"689\" height=\"815\" src=\"http:\/\/letheaujardin.fr\/wp-content\/uploads\/2021\/05\/the-au-jardin-illus-home7-b.jpg\" alt=\"\" class=\"wp-image-309 size-full\" srcset=\"http:\/\/letheaujardin.fr\/wp-content\/uploads\/2021\/05\/the-au-jardin-illus-home7-b.jpg 689w, http:\/\/letheaujardin.fr\/wp-content\/uploads\/2021\/05\/the-au-jardin-illus-home7-b-254x300.jpg 254w\" sizes=\"(max-width: 689px) 100vw, 689px\" \/><\/figure><div class=\"wp-block-media-text__content\">\n<h1>Notre table d&#8217;h\u00f4tes<\/h1>\n\n\n\n<p>Si possible, Madeleine pourra ouvrir sp\u00e9cialement pour vous sa table d\u2019h\u00f4tes. <\/p>\n\n\n\n<p>Vous y appr\u00e9cierez sa cuisine 100% maison \u00e0 base de produits de saison, fra\u00eechement cueillis au jardin ou achet\u00e9s aupr\u00e8s de producteurs locaux.<\/p>\n<\/div><\/div>\n<\/div><\/div>\n\n\n\n<div id='gallery-1' class='gallery galleryid-307 gallery-columns-3 gallery-size-thumbnail'><figure class='gallery-item'>\n\t\t\t<div class='gallery-icon landscape'>\n\t\t\t\t<a href='http:\/\/letheaujardin.fr\/index.php\/notre-jardin\/the-au-jardin-jardin02\/'><img width=\"150\" height=\"150\" src=\"http:\/\/letheaujardin.fr\/wp-content\/uploads\/2021\/05\/the-au-jardin-jardin02-150x150.jpg\" class=\"attachment-thumbnail size-thumbnail\" alt=\"\" loading=\"lazy\" \/><\/a>\n\t\t\t<\/div><\/figure><figure class='gallery-item'>\n\t\t\t<div class='gallery-icon landscape'>\n\t\t\t\t<a href='http:\/\/letheaujardin.fr\/index.php\/notre-jardin\/the-au-jardin-jardin05\/'><img width=\"150\" height=\"150\" src=\"http:\/\/letheaujardin.fr\/wp-content\/uploads\/2021\/05\/the-au-jardin-jardin05-150x150.jpg\" class=\"attachment-thumbnail size-thumbnail\" alt=\"\" loading=\"lazy\" \/><\/a>\n\t\t\t<\/div><\/figure><figure class='gallery-item'>\n\t\t\t<div class='gallery-icon landscape'>\n\t\t\t\t<a href='http:\/\/letheaujardin.fr\/index.php\/home\/theaujardin_communs_04\/'><img width=\"150\" height=\"150\" src=\"http:\/\/letheaujardin.fr\/wp-content\/uploads\/2021\/05\/Theaujardin_communs_04-150x150.jpg\" class=\"attachment-thumbnail size-thumbnail\" alt=\"\" loading=\"lazy\" \/><\/a>\n\t\t\t<\/div><\/figure><figure class='gallery-item'>\n\t\t\t<div class='gallery-icon portrait'>\n\t\t\t\t<a href='http:\/\/letheaujardin.fr\/index.php\/notre-jardin\/the-au-jardin-jardin06\/'><img width=\"150\" height=\"150\" src=\"http:\/\/letheaujardin.fr\/wp-content\/uploads\/2021\/05\/the-au-jardin-jardin06-150x150.jpg\" class=\"attachment-thumbnail size-thumbnail\" alt=\"\" loading=\"lazy\" \/><\/a>\n\t\t\t<\/div><\/figure><figure class='gallery-item'>\n\t\t\t<div class='gallery-icon landscape'>\n\t\t\t\t<a href='http:\/\/letheaujardin.fr\/index.php\/home\/theaujardin_communs_01-1\/'><img width=\"150\" height=\"150\" src=\"http:\/\/letheaujardin.fr\/wp-content\/uploads\/2021\/05\/Theaujardin_communs_01-1-150x150.jpg\" class=\"attachment-thumbnail size-thumbnail\" alt=\"\" loading=\"lazy\" \/><\/a>\n\t\t\t<\/div><\/figure><figure class='gallery-item'>\n\t\t\t<div class='gallery-icon landscape'>\n\t\t\t\t<a href='http:\/\/letheaujardin.fr\/index.php\/home\/theaujardin_exterieur_04\/'><img width=\"150\" height=\"150\" src=\"http:\/\/letheaujardin.fr\/wp-content\/uploads\/2021\/05\/Theaujardin_exterieur_04-150x150.jpg\" class=\"attachment-thumbnail size-thumbnail\" alt=\"\" loading=\"lazy\" \/><\/a>\n\t\t\t<\/div><\/figure>\n\t\t<\/div>\n\n\n\n\n<div class=\"wp-block-group alignfull\"><div class=\"wp-block-group__inner-container\">\n<div class=\"wp-block-columns alignwide tw-gutter-large\">\n<div class=\"wp-block-column\">\n<h2>Tarif<\/h2>\n\n\n\n<p class=\"has-accent-color has-text-color has-small-font-size\"><strong>Repas complet comprenant entr\u00e9e, plat, dessert et un verre de vin<\/strong><br>UNIQUEMENT SUR R\u00c9SERVATION PAR MAIL ou T\u00c9L\u00c9PHONE<\/p>\n\n\n\n<p>Par personne : <strong>25 \u20ac<\/strong><\/p>\n\n\n\n<div class=\"wp-block-buttons\">\n<div class=\"wp-block-button is-style-outline\"><a class=\"wp-block-button__link\" href=\"http:\/\/letheaujardin.fr\/index.php\/reserver\/\">R\u00e9SERVER<\/a><\/div>\n<\/div>\n\n\n\n<p><\/p>\n<\/div>\n\n\n\n<div class=\"wp-block-column\"><\/div>\n\n\n\n<div class=\"wp-block-column\"><\/div>\n<\/div>\n<\/div><\/div>\n","protected":false},"excerpt":{"rendered":"","protected":false},"author":2,"featured_media":0,"parent":0,"menu_order":0,"comment_status":"closed","ping_status":"closed","template":"tw-header-transparent.php","meta":[],"_links":{"self":[{"href":"http:\/\/letheaujardin.fr\/index.php\/wp-json\/wp\/v2\/pages\/307"}],"collection":[{"href":"http:\/\/letheaujardin.fr\/index.php\/wp-json\/wp\/v2\/pages"}],"about":[{"href":"http:\/\/letheaujardin.fr\/index.php\/wp-json\/wp\/v2\/types\/page"}],"author":[{"embeddable":true,"href":"http:\/\/letheaujardin.fr\/index.php\/wp-json\/wp\/v2\/users\/2"}],"replies":[{"embeddable":true,"href":"http:\/\/letheaujardin.fr\/index.php\/wp-json\/wp\/v2\/comments?post=307"}],"version-history":[{"count":6,"href":"http:\/\/letheaujardin.fr\/index.php\/wp-json\/wp\/v2\/pages\/307\/revisions"}],"predecessor-version":[{"id":383,"href":"http:\/\/letheaujardin.fr\/index.php\/wp-json\/wp\/v2\/pages\/307\/revisions\/383"}],"wp:attachment":[{"href":"http:\/\/letheaujardin.fr\/index.php\/wp-json\/wp\/v2\/media?parent=307"}],"curies":[{"name":"wp","href":"https:\/\/api.w.org\/{rel}","templated":true}]}}